{"id":1388,"date":"2023-09-23T14:49:54","date_gmt":"2023-09-23T12:49:54","guid":{"rendered":"https:\/\/4957.fr\/go\/?page_id=1388"},"modified":"2025-05-24T16:38:42","modified_gmt":"2025-05-24T14:38:42","slug":"gaz","status":"publish","type":"page","link":"https:\/\/4957.fr\/go\/index.php\/gaz\/","title":{"rendered":"Gaz"},"content":{"rendered":"\n<iframe loading=\"lazy\" src=\"https:\/\/docs.google.com\/spreadsheets\/d\/10BnzcLgmk_nt-1xQBcoUquMYRcSQTheu\/edit?usp=sharing&#038;ouid=106759451217153586458&#038;rtpof=true&#038;sd=true\" width=\"100%\" height=\"650px\"><\/iframe>\n\n\n<p>En Octobre 2024, nous avons chang\u00e9 de fournisseur passant d&rsquo;Endesa \u00e0 EDF qui \u00e9tait le mieux-disant de notre appel d&rsquo;offre<\/p>\n<p>C<a href=\"http:\/\/4957.fr\/go\/wp-content\/uploads\/2023\/09\/Endesa-contrat-211004.pdf\" target=\"_blank\" rel=\"noopener\">ontrat Endesa<\/a>.\u00a0\u00a0<\/p>\n\n\n<p><\/p>\n","protected":false},"excerpt":{"rendered":"<p>En Octobre 2024, nous avons chang\u00e9 de fournisseur passant d&rsquo;Endesa \u00e0 EDF qui \u00e9tait le mieux-disant de notre appel d&rsquo;offre Contrat Endesa.\u00a0\u00a0<\/p>\n","protected":false},"author":1,"featured_media":0,"parent":0,"menu_order":0,"comment_status":"closed","ping_status":"closed","template":"","meta":{"_acf_changed":false,"footnotes":""},"class_list":["post-1388","page","type-page","status-publish"],"acf":[],"_links":{"self":[{"href":"https:\/\/4957.fr\/go\/index.php\/wp-json\/wp\/v2\/pages\/1388","targetHints":{"allow":["GET"]}}],"collection":[{"href":"https:\/\/4957.fr\/go\/index.php\/wp-json\/wp\/v2\/pages"}],"about":[{"href":"https:\/\/4957.fr\/go\/index.php\/wp-json\/wp\/v2\/types\/page"}],"author":[{"embeddable":true,"href":"https:\/\/4957.fr\/go\/index.php\/wp-json\/wp\/v2\/users\/1"}],"replies":[{"embeddable":true,"href":"https:\/\/4957.fr\/go\/index.php\/wp-json\/wp\/v2\/comments?post=1388"}],"version-history":[{"count":12,"href":"https:\/\/4957.fr\/go\/index.php\/wp-json\/wp\/v2\/pages\/1388\/revisions"}],"predecessor-version":[{"id":2002,"href":"https:\/\/4957.fr\/go\/index.php\/wp-json\/wp\/v2\/pages\/1388\/revisions\/2002"}],"wp:attachment":[{"href":"https:\/\/4957.fr\/go\/index.php\/wp-json\/wp\/v2\/media?parent=1388"}],"curies":[{"name":"wp","href":"https:\/\/api.w.org\/{rel}","templated":true}]}}