{"id":2142,"date":"2025-09-12T13:35:20","date_gmt":"2025-09-12T11:35:20","guid":{"rendered":"https:\/\/4957.fr\/go\/?page_id=2142"},"modified":"2025-09-13T17:24:41","modified_gmt":"2025-09-13T15:24:41","slug":"calendrier-de-la-copropriete","status":"publish","type":"page","link":"https:\/\/4957.fr\/go\/index.php\/calendrier-de-la-copropriete\/","title":{"rendered":"Calendrier de la copropri\u00e9t\u00e9"},"content":{"rendered":"<div class=\"gb-container gb-container-8f311350\">\n<div class=\"simcal-calendar simcal-default-calendar simcal-default-calendar-grid simcal-default-calendar-light\" data-calendar-id=\"2141\" data-timezone=\"Europe\/Paris\" data-offset=\"7200\" data-week-start=\"1\" data-calendar-start=\"1774821600\" data-calendar-end=\"1777931941\" data-events-first=\"1772532000\" data-events-last=\"1777931941\">\n\t\t\t\n            <table class=\"simcal-calendar-grid\"\n                   data-event-bubble-trigger=\"hover\">\n                <thead class=\"simcal-calendar-head\">\n                <tr>\n\t\t\t\t\t                        <th class=\"simcal-nav simcal-prev-wrapper\" colspan=\"1\">\n                            <button class=\"simcal-nav-button simcal-month-nav simcal-prev\" title=\"Mois pr\u00e9cc\u00e9dent\" aria-label=\"Mois pr\u00e9cc\u00e9dent\"><i class=\"simcal-icon-left\"><\/i><\/button>\n                        <\/th>\n\t\t\t\t\t                    <th colspan=\"5\"\n                        class=\"simcal-nav simcal-current\"\n                        data-calendar-current=\"1774821600\">\n\t\t\t\t\t\t<h3> <span class=\"simcal-current-month\">mars<\/span>  <span class=\"simcal-current-year\">2026<\/span> <\/h3>                    <\/th>\n\t\t\t\t\t                        <th class=\"simcal-nav simcal-next-wrapper\" colspan=\"1\">\n                            <button class=\"simcal-nav-button simcal-month-nav simcal-next\" title=\"Mois suivant\" aria-label=\"Mois suivant\"><i class=\"simcal-icon-right\"><\/i><\/button>\n                        <\/th>\n\t\t\t\t\t                <\/tr>\n                <tr>\n\t\t\t\t\t                        <th class=\"simcal-week-day simcal-week-day-1\"\n                            data-screen-small=\"l\"\n                            data-screen-medium=\"lun\"\n                            data-screen-large=\"lundi\">lun<\/th>\n\t\t\t\t\t\t                        <th class=\"simcal-week-day simcal-week-day-2\"\n                            data-screen-small=\"m\"\n                            data-screen-medium=\"mar\"\n                            data-screen-large=\"mardi\">mar<\/th>\n\t\t\t\t\t\t                        <th class=\"simcal-week-day simcal-week-day-3\"\n                            data-screen-small=\"m\"\n                            data-screen-medium=\"mer\"\n                            data-screen-large=\"mercredi\">mer<\/th>\n\t\t\t\t\t\t                        <th class=\"simcal-week-day simcal-week-day-4\"\n                            data-screen-small=\"j\"\n                            data-screen-medium=\"jeu\"\n                            data-screen-large=\"jeudi\">jeu<\/th>\n\t\t\t\t\t\t                        <th class=\"simcal-week-day simcal-week-day-5\"\n                            data-screen-small=\"v\"\n                            data-screen-medium=\"ven\"\n                            data-screen-large=\"vendredi\">ven<\/th>\n\t\t\t\t\t\t                        <th class=\"simcal-week-day simcal-week-day-6\"\n                            data-screen-small=\"s\"\n                            data-screen-medium=\"sam\"\n                            data-screen-large=\"samedi\">sam<\/th>\n\t\t\t\t\t\t                            <th class=\"simcal-week-day simcal-week-day-0\"\n                                data-screen-small=\"d\"\n                                data-screen-medium=\"dim\"\n                                data-screen-large=\"dimanche\">dim<\/th>\n\t\t\t\t\t\t\t                <\/tr>\n                <\/thead>\n\n\t\t\t\t<tbody class=\"simcal-month simcal-month-3\">\n\t<tr class=\"simcal-week simcal-week-9\"><td class=\"simcal-day simcal-day-void \"><\/td>\n<td class=\"simcal-day simcal-day-void \"><\/td>\n<td class=\"simcal-day simcal-day-void \"><\/td>\n<td class=\"simcal-day simcal-day-void \"><\/td>\n<td class=\"simcal-day simcal-day-void \"><\/td>\n<td class=\"simcal-day simcal-day-void simcal-day-void-last\"><\/td>\n<td class=\"simcal-day-1 simcal-weekday-0 simcal-past simcal-day\" data-events-count=\"0\">\n\t<div>\n\t\t<span class=\"simcal-day-label simcal-day-number\">1<\/span>\n\t\t<span class=\"simcal-no-events\"><\/span>\n\t\t<span class=\"simcal-events-dots\" style=\"display: none;\"><\/span>\n\t<\/div>\n<\/td>\n<\/tr><tr class=\"simcal-week simcal-week-9\">\n<td class=\"simcal-day-2 simcal-weekday-1 simcal-past simcal-day\" data-events-count=\"0\">\n\t<div>\n\t\t<span class=\"simcal-day-label simcal-day-number\">2<\/span>\n\t\t<span class=\"simcal-no-events\"><\/span>\n\t\t<span class=\"simcal-events-dots\" style=\"display: none;\"><\/span>\n\t<\/div>\n<\/td>\n<td class=\"simcal-day-3 simcal-weekday-2 simcal-past simcal-day simcal-day-has-events simcal-day-has-2-events simcal-events-calendar-2141\" data-events-count=\"2\">\n\t<div>\n\t\t<span class=\"simcal-day-label simcal-day-number\" style=\"background-color: #000000; color: #ffffff\">3<\/span>\n\t\t<ul class=\"simcal-events\">\t<li class=\"simcal-event simcal-event-has-location simcal-events-calendar-2141 simcal-tooltip\" itemscope itemtype=\"http:\/\/schema.org\/Event\">\n\t\t<span class=\"simcal-event-title\">Fermatic M. Cl\u00e9ment LAUNE<\/span>\n\t\t<div class=\"simcal-event-details simcal-tooltip-content\" style=\"display: none;\"><p><strong><i class=\"fas fa-calendar-days\"><\/i>\u00a0 <span class=\"simcal-event-title\" itemprop=\"name\">Fermatic M. Cl\u00e9ment LAUNE<\/span><br \/>\n<\/strong><span class=\"simcal-event-start simcal-event-start-date\" data-event-start=\"1772532000\" data-event-format=\"j F Y\" itemprop=\"startDate\" content=\"2026-03-03T11:00:00+01:00\">3 mars 2026<\/span>&nbsp;&nbsp;<span class=\"simcal-event-start simcal-event-start-time\" data-event-start=\"1772532000\" data-event-format=\"H:i\" itemprop=\"startDate\" content=\"2026-03-03T11:00:00+01:00\">11:00<\/span> - <span class=\"simcal-event-end simcal-event-end-time\" data-event-end=\"1772536500\" data-event-format=\"H:i\" itemprop=\"endDate\" content=\"2026-03-03T12:15:00+01:00\">12:15<\/span><br \/>\n<br \/>\n<span style=\"font-size: inherit\"><i class=\"fas fa-circle-info\"><\/i>  <a href=\"https:\/\/www.google.com\/calendar\/event?eid=NDFwOTMwOGg3bW52NmFiMjRhZ3JiaHZ2Y2YgNDk1N2lua0Bt&#038;ctz=Europe\/Paris\" target=\"_blank\" >Voir plus de d\u00e9tails<\/a><br \/>\n<\/span><strong><i class=\"fas fa-calendar-plus\"><\/i>  <a href=\"https:\/\/calendar.google.com\/calendar\/render?action=TEMPLATE&#038;text=Fermatic+M.+Clment+LAUNE&#038;dates=20260303T110000\/20260303T121500&#038;details&#038;location=49+Bd+d039Inkermann+92200+Neuilly-sur-Seine+France&#038;trp=false&#038;ctz=EuropeParis\"  ><\/strong>Ajouter \u00e0 mon agenda<strong><\/a><br \/>\n<\/strong>Lieu :  <span class=\"simcal-event-address simcal-event-start-location\" itemprop=\"location\" itemscope itemtype=\"http:\/\/schema.org\/Place\"><meta itemprop=\"name\" content=\"49 Bd d&#039;Inkermann, 92200 Neuilly-sur-Seine, France\" \/><meta itemprop=\"address\" content=\"49 Bd d&#039;Inkermann, 92200 Neuilly-sur-Seine, France\" \/>49 Bd d&#039;Inkermann, 92200 Neuilly-sur-Seine, France<\/span><\/p>\n<p>&nbsp;<\/p>\n<div><\/div><\/div>\n\t<\/li>\n\t<li class=\"simcal-event simcal-events-calendar-2141 simcal-tooltip\" itemscope itemtype=\"http:\/\/schema.org\/Event\">\n\t\t<span class=\"simcal-event-title\">Contr\u00f4le des comptes copropri\u00e9t\u00e9<\/span>\n\t\t<div class=\"simcal-event-details simcal-tooltip-content\" style=\"display: none;\"><p><strong><i class=\"fas fa-calendar-days\"><\/i>\u00a0 <span class=\"simcal-event-title\" itemprop=\"name\">Contr\u00f4le des comptes copropri\u00e9&hellip;<\/span><br \/>\n<\/strong><span class=\"simcal-event-start simcal-event-start-date\" data-event-start=\"1772544600\" data-event-format=\"j F Y\" itemprop=\"startDate\" content=\"2026-03-03T14:30:00+01:00\">3 mars 2026<\/span>&nbsp;&nbsp;<span class=\"simcal-event-start simcal-event-start-time\" data-event-start=\"1772544600\" data-event-format=\"H:i\" itemprop=\"startDate\" content=\"2026-03-03T14:30:00+01:00\">14:30<\/span> - <span class=\"simcal-event-end simcal-event-end-time\" data-event-end=\"1772551800\" data-event-format=\"H:i\" itemprop=\"endDate\" content=\"2026-03-03T16:30:00+01:00\">16:30<\/span><br \/>\n<br \/>\n<span style=\"font-size: inherit\"><i class=\"fas fa-circle-info\"><\/i>  <a href=\"https:\/\/www.google.com\/calendar\/event?eid=NXRpZmtsbTl0Ym1xcWhmaHZrMzM2b3Y0aTIgNDk1N2lua0Bt&#038;ctz=Europe\/Paris\" target=\"_blank\" >Voir plus de d\u00e9tails<\/a><br \/>\n<\/span><strong><i class=\"fas fa-calendar-plus\"><\/i>  <a href=\"https:\/\/calendar.google.com\/calendar\/render?action=TEMPLATE&#038;text=Contrle+des+comptes+coproprit&#038;dates=20260303T143000\/20260303T163000&#038;details&#038;location&#038;trp=false&#038;ctz=EuropeParis\"  ><\/strong>Ajouter \u00e0 mon agenda<strong><\/a><br \/>\n<\/strong>Lieu :  <span class=\"simcal-event-address simcal-event-start-location\" itemprop=\"location\" itemscope itemtype=\"http:\/\/schema.org\/Place\"><meta itemprop=\"name\" content=\"Contr\u00f4le des comptes copropri\u00e9t\u00e9\" \/><meta itemprop=\"address\" content=\"Contr\u00f4le des comptes copropri\u00e9t\u00e9\" \/><\/span><\/p>\n<p>&nbsp;<\/p>\n<div><\/div><\/div>\n\t<\/li>\n<\/ul>\n\n\t\t<span class=\"simcal-events-dots\" style=\"display: none;\"><b style=\"color: #000;\"> &bull; <\/b><b style=\"color: #000;\"> &bull; <\/b><\/span>\n\t<\/div>\n<\/td>\n<td class=\"simcal-day-4 simcal-weekday-3 simcal-past simcal-day simcal-day-has-events simcal-day-has-1-events simcal-events-calendar-2141\" data-events-count=\"1\">\n\t<div>\n\t\t<span class=\"simcal-day-label simcal-day-number\" style=\"background-color: #000000; color: #ffffff\">4<\/span>\n\t\t<ul class=\"simcal-events\">\t<li class=\"simcal-event simcal-events-calendar-2141 simcal-tooltip\" itemscope itemtype=\"http:\/\/schema.org\/Event\">\n\t\t<span class=\"simcal-event-title\">Intervention Perspectives Jardin<\/span>\n\t\t<div class=\"simcal-event-details simcal-tooltip-content\" style=\"display: none;\"><p><strong><i class=\"fas fa-calendar-days\"><\/i>\u00a0 <span class=\"simcal-event-title\" itemprop=\"name\">Intervention Perspectives Jardin<\/span><br \/>\n<\/strong><span class=\"simcal-event-start simcal-event-start-date\" data-event-start=\"1772609400\" data-event-format=\"j F Y\" itemprop=\"startDate\" content=\"2026-03-04T08:30:00+01:00\">4 mars 2026<\/span>&nbsp;&nbsp;<span class=\"simcal-event-start simcal-event-start-time\" data-event-start=\"1772609400\" data-event-format=\"H:i\" itemprop=\"startDate\" content=\"2026-03-04T08:30:00+01:00\">08:30<\/span> - <span class=\"simcal-event-end simcal-event-end-time\" data-event-end=\"1772620200\" data-event-format=\"H:i\" itemprop=\"endDate\" content=\"2026-03-04T11:30:00+01:00\">11:30<\/span><br \/>\n<br \/>\n<span style=\"font-size: inherit\"><i class=\"fas fa-circle-info\"><\/i>  <a href=\"https:\/\/www.google.com\/calendar\/event?eid=N2JjYjR1c2dsZnYyam0zbDI1NmJ1bHMyMmkgNDk1N2lua0Bt&#038;ctz=Europe\/Paris\" target=\"_blank\" >Voir plus de d\u00e9tails<\/a><br \/>\n<\/span><strong><i class=\"fas fa-calendar-plus\"><\/i>  <a href=\"https:\/\/calendar.google.com\/calendar\/render?action=TEMPLATE&#038;text=Intervention+Perspectives+Jardin&#038;dates=20260304T083000\/20260304T113000&#038;details&#038;location&#038;trp=false&#038;ctz=EuropeParis\"  ><\/strong>Ajouter \u00e0 mon agenda<strong><\/a><br \/>\n<\/strong>Lieu :  <span class=\"simcal-event-address simcal-event-start-location\" itemprop=\"location\" itemscope itemtype=\"http:\/\/schema.org\/Place\"><meta itemprop=\"name\" content=\"Intervention Perspectives Jardin\" \/><meta itemprop=\"address\" content=\"Intervention Perspectives Jardin\" \/><\/span><\/p>\n<p>&nbsp;<\/p>\n<div><\/div><\/div>\n\t<\/li>\n<\/ul>\n\n\t\t<span class=\"simcal-events-dots\" style=\"display: none;\"><b style=\"color: #000;\"> &bull; <\/b><\/span>\n\t<\/div>\n<\/td>\n<td class=\"simcal-day-5 simcal-weekday-4 simcal-past simcal-day\" data-events-count=\"0\">\n\t<div>\n\t\t<span class=\"simcal-day-label simcal-day-number\">5<\/span>\n\t\t<span class=\"simcal-no-events\"><\/span>\n\t\t<span class=\"simcal-events-dots\" style=\"display: none;\"><\/span>\n\t<\/div>\n<\/td>\n<td class=\"simcal-day-6 simcal-weekday-5 simcal-past simcal-day\" data-events-count=\"0\">\n\t<div>\n\t\t<span class=\"simcal-day-label simcal-day-number\">6<\/span>\n\t\t<span class=\"simcal-no-events\"><\/span>\n\t\t<span class=\"simcal-events-dots\" style=\"display: none;\"><\/span>\n\t<\/div>\n<\/td>\n<td class=\"simcal-day-7 simcal-weekday-6 simcal-past simcal-day\" data-events-count=\"0\">\n\t<div>\n\t\t<span class=\"simcal-day-label simcal-day-number\">7<\/span>\n\t\t<span class=\"simcal-no-events\"><\/span>\n\t\t<span class=\"simcal-events-dots\" style=\"display: none;\"><\/span>\n\t<\/div>\n<\/td>\n<td class=\"simcal-day-8 simcal-weekday-0 simcal-past simcal-day\" data-events-count=\"0\">\n\t<div>\n\t\t<span class=\"simcal-day-label simcal-day-number\">8<\/span>\n\t\t<span class=\"simcal-no-events\"><\/span>\n\t\t<span class=\"simcal-events-dots\" style=\"display: none;\"><\/span>\n\t<\/div>\n<\/td>\n<\/tr><tr class=\"simcal-week simcal-week-10\">\n<td class=\"simcal-day-9 simcal-weekday-1 simcal-past simcal-day simcal-day-has-events simcal-day-has-1-events simcal-events-calendar-2141\" data-events-count=\"1\">\n\t<div>\n\t\t<span class=\"simcal-day-label simcal-day-number\" style=\"background-color: #000000; color: #ffffff\">9<\/span>\n\t\t<ul class=\"simcal-events\">\t<li class=\"simcal-event simcal-events-calendar-2141 simcal-tooltip\" itemscope itemtype=\"http:\/\/schema.org\/Event\">\n\t\t<span class=\"simcal-event-title\">Neuilly Syndic<\/span>\n\t\t<div class=\"simcal-event-details simcal-tooltip-content\" style=\"display: none;\"><p><strong><i class=\"fas fa-calendar-days\"><\/i>\u00a0 <span class=\"simcal-event-title\" itemprop=\"name\">Neuilly Syndic<\/span><br \/>\n<\/strong><span class=\"simcal-event-start simcal-event-start-date\" data-event-start=\"1773050400\" data-event-format=\"j F Y\" itemprop=\"startDate\" content=\"2026-03-09T11:00:00+01:00\">9 mars 2026<\/span>&nbsp;&nbsp;<span class=\"simcal-event-start simcal-event-start-time\" data-event-start=\"1773050400\" data-event-format=\"H:i\" itemprop=\"startDate\" content=\"2026-03-09T11:00:00+01:00\">11:00<\/span> - <span class=\"simcal-event-end simcal-event-end-time\" data-event-end=\"1773054000\" data-event-format=\"H:i\" itemprop=\"endDate\" content=\"2026-03-09T12:00:00+01:00\">12:00<\/span><br \/>\n<br \/>\n<span style=\"font-size: inherit\"><i class=\"fas fa-circle-info\"><\/i>  <a href=\"https:\/\/www.google.com\/calendar\/event?eid=M3M1bHJkZWQ2MHIwYTk0ZHBwczI1aW1qbmMgNDk1N2lua0Bt&#038;ctz=Europe\/Paris\" target=\"_blank\" >Voir plus de d\u00e9tails<\/a><br \/>\n<\/span><strong><i class=\"fas fa-calendar-plus\"><\/i>  <a href=\"https:\/\/calendar.google.com\/calendar\/render?action=TEMPLATE&#038;text=Neuilly+Syndic&#038;dates=20260309T110000\/20260309T120000&#038;details&#038;location&#038;trp=false&#038;ctz=EuropeParis\"  ><\/strong>Ajouter \u00e0 mon agenda<strong><\/a><br \/>\n<\/strong>Lieu :  <span class=\"simcal-event-address simcal-event-start-location\" itemprop=\"location\" itemscope itemtype=\"http:\/\/schema.org\/Place\"><meta itemprop=\"name\" content=\"Neuilly Syndic\" \/><meta itemprop=\"address\" content=\"Neuilly Syndic\" \/><\/span><\/p>\n<p>&nbsp;<\/p>\n<div><\/div><\/div>\n\t<\/li>\n<\/ul>\n\n\t\t<span class=\"simcal-events-dots\" style=\"display: none;\"><b style=\"color: #000;\"> &bull; <\/b><\/span>\n\t<\/div>\n<\/td>\n<td class=\"simcal-day-10 simcal-weekday-2 simcal-past simcal-day\" data-events-count=\"0\">\n\t<div>\n\t\t<span class=\"simcal-day-label simcal-day-number\">10<\/span>\n\t\t<span class=\"simcal-no-events\"><\/span>\n\t\t<span class=\"simcal-events-dots\" style=\"display: none;\"><\/span>\n\t<\/div>\n<\/td>\n<td class=\"simcal-day-11 simcal-weekday-3 simcal-past simcal-day\" data-events-count=\"0\">\n\t<div>\n\t\t<span class=\"simcal-day-label simcal-day-number\">11<\/span>\n\t\t<span class=\"simcal-no-events\"><\/span>\n\t\t<span class=\"simcal-events-dots\" style=\"display: none;\"><\/span>\n\t<\/div>\n<\/td>\n<td class=\"simcal-day-12 simcal-weekday-4 simcal-past simcal-day\" data-events-count=\"0\">\n\t<div>\n\t\t<span class=\"simcal-day-label simcal-day-number\">12<\/span>\n\t\t<span class=\"simcal-no-events\"><\/span>\n\t\t<span class=\"simcal-events-dots\" style=\"display: none;\"><\/span>\n\t<\/div>\n<\/td>\n<td class=\"simcal-day-13 simcal-weekday-5 simcal-past simcal-day\" data-events-count=\"0\">\n\t<div>\n\t\t<span class=\"simcal-day-label simcal-day-number\">13<\/span>\n\t\t<span class=\"simcal-no-events\"><\/span>\n\t\t<span class=\"simcal-events-dots\" style=\"display: none;\"><\/span>\n\t<\/div>\n<\/td>\n<td class=\"simcal-day-14 simcal-weekday-6 simcal-past simcal-day\" data-events-count=\"0\">\n\t<div>\n\t\t<span class=\"simcal-day-label simcal-day-number\">14<\/span>\n\t\t<span class=\"simcal-no-events\"><\/span>\n\t\t<span class=\"simcal-events-dots\" style=\"display: none;\"><\/span>\n\t<\/div>\n<\/td>\n<td class=\"simcal-day-15 simcal-weekday-0 simcal-past simcal-day\" data-events-count=\"0\">\n\t<div>\n\t\t<span class=\"simcal-day-label simcal-day-number\">15<\/span>\n\t\t<span class=\"simcal-no-events\"><\/span>\n\t\t<span class=\"simcal-events-dots\" style=\"display: none;\"><\/span>\n\t<\/div>\n<\/td>\n<\/tr><tr class=\"simcal-week simcal-week-11\">\n<td class=\"simcal-day-16 simcal-weekday-1 simcal-past simcal-day\" data-events-count=\"0\">\n\t<div>\n\t\t<span class=\"simcal-day-label simcal-day-number\">16<\/span>\n\t\t<span class=\"simcal-no-events\"><\/span>\n\t\t<span class=\"simcal-events-dots\" style=\"display: none;\"><\/span>\n\t<\/div>\n<\/td>\n<td class=\"simcal-day-17 simcal-weekday-2 simcal-past simcal-day simcal-day-has-events simcal-day-has-1-events simcal-events-calendar-2141\" data-events-count=\"1\">\n\t<div>\n\t\t<span class=\"simcal-day-label simcal-day-number\" style=\"background-color: #000000; color: #ffffff\">17<\/span>\n\t\t<ul class=\"simcal-events\">\t<li class=\"simcal-event simcal-events-calendar-2141 simcal-tooltip\" itemscope itemtype=\"http:\/\/schema.org\/Event\">\n\t\t<span class=\"simcal-event-title\">R\u00e9union du Conseil Syndical<\/span>\n\t\t<div class=\"simcal-event-details simcal-tooltip-content\" style=\"display: none;\"><p><strong><i class=\"fas fa-calendar-days\"><\/i>\u00a0 <span class=\"simcal-event-title\" itemprop=\"name\">R\u00e9union du Conseil Syndical<\/span><br \/>\n<\/strong><span class=\"simcal-event-start simcal-event-start-date\" data-event-start=\"1773765000\" data-event-format=\"j F Y\" itemprop=\"startDate\" content=\"2026-03-17T17:30:00+01:00\">17 mars 2026<\/span>&nbsp;&nbsp;<span class=\"simcal-event-start simcal-event-start-time\" data-event-start=\"1773765000\" data-event-format=\"H:i\" itemprop=\"startDate\" content=\"2026-03-17T17:30:00+01:00\">17:30<\/span> - <span class=\"simcal-event-end simcal-event-end-time\" data-event-end=\"1773770400\" data-event-format=\"H:i\" itemprop=\"endDate\" content=\"2026-03-17T19:00:00+01:00\">19:00<\/span><br \/>\n<br \/>\n<span style=\"font-size: inherit\"><i class=\"fas fa-circle-info\"><\/i>  <a href=\"https:\/\/www.google.com\/calendar\/event?eid=M2M2N3FndWpubzZsMWNtbG9lYXE1dGEwcG4gNDk1N2lua0Bt&#038;ctz=Europe\/Paris\" target=\"_blank\" >Voir plus de d\u00e9tails<\/a><br \/>\n<\/span><strong><i class=\"fas fa-calendar-plus\"><\/i>  <a href=\"https:\/\/calendar.google.com\/calendar\/render?action=TEMPLATE&#038;text=Runion+du+Conseil+Syndical&#038;dates=20260317T173000\/20260317T190000&#038;details&#038;location&#038;trp=false&#038;ctz=EuropeParis\"  ><\/strong>Ajouter \u00e0 mon agenda<strong><\/a><br \/>\n<\/strong>Lieu :  <span class=\"simcal-event-address simcal-event-start-location\" itemprop=\"location\" itemscope itemtype=\"http:\/\/schema.org\/Place\"><meta itemprop=\"name\" content=\"R\u00e9union du Conseil Syndical\" \/><meta itemprop=\"address\" content=\"R\u00e9union du Conseil Syndical\" \/><\/span><\/p>\n<p>&nbsp;<\/p>\n<div><\/div><\/div>\n\t<\/li>\n<\/ul>\n\n\t\t<span class=\"simcal-events-dots\" style=\"display: none;\"><b style=\"color: #000;\"> &bull; <\/b><\/span>\n\t<\/div>\n<\/td>\n<td class=\"simcal-day-18 simcal-weekday-3 simcal-past simcal-day\" data-events-count=\"0\">\n\t<div>\n\t\t<span class=\"simcal-day-label simcal-day-number\">18<\/span>\n\t\t<span class=\"simcal-no-events\"><\/span>\n\t\t<span class=\"simcal-events-dots\" style=\"display: none;\"><\/span>\n\t<\/div>\n<\/td>\n<td class=\"simcal-day-19 simcal-weekday-4 simcal-past simcal-day\" data-events-count=\"0\">\n\t<div>\n\t\t<span class=\"simcal-day-label simcal-day-number\">19<\/span>\n\t\t<span class=\"simcal-no-events\"><\/span>\n\t\t<span class=\"simcal-events-dots\" style=\"display: none;\"><\/span>\n\t<\/div>\n<\/td>\n<td class=\"simcal-day-20 simcal-weekday-5 simcal-past simcal-day\" data-events-count=\"0\">\n\t<div>\n\t\t<span class=\"simcal-day-label simcal-day-number\">20<\/span>\n\t\t<span class=\"simcal-no-events\"><\/span>\n\t\t<span class=\"simcal-events-dots\" style=\"display: none;\"><\/span>\n\t<\/div>\n<\/td>\n<td class=\"simcal-day-21 simcal-weekday-6 simcal-past simcal-day\" data-events-count=\"0\">\n\t<div>\n\t\t<span class=\"simcal-day-label simcal-day-number\">21<\/span>\n\t\t<span class=\"simcal-no-events\"><\/span>\n\t\t<span class=\"simcal-events-dots\" style=\"display: none;\"><\/span>\n\t<\/div>\n<\/td>\n<td class=\"simcal-day-22 simcal-weekday-0 simcal-past simcal-day\" data-events-count=\"0\">\n\t<div>\n\t\t<span class=\"simcal-day-label simcal-day-number\">22<\/span>\n\t\t<span class=\"simcal-no-events\"><\/span>\n\t\t<span class=\"simcal-events-dots\" style=\"display: none;\"><\/span>\n\t<\/div>\n<\/td>\n<\/tr><tr class=\"simcal-week simcal-week-12\">\n<td class=\"simcal-day-23 simcal-weekday-1 simcal-past simcal-day\" data-events-count=\"0\">\n\t<div>\n\t\t<span class=\"simcal-day-label simcal-day-number\">23<\/span>\n\t\t<span class=\"simcal-no-events\"><\/span>\n\t\t<span class=\"simcal-events-dots\" style=\"display: none;\"><\/span>\n\t<\/div>\n<\/td>\n<td class=\"simcal-day-24 simcal-weekday-2 simcal-past simcal-day\" data-events-count=\"0\">\n\t<div>\n\t\t<span class=\"simcal-day-label simcal-day-number\">24<\/span>\n\t\t<span class=\"simcal-no-events\"><\/span>\n\t\t<span class=\"simcal-events-dots\" style=\"display: none;\"><\/span>\n\t<\/div>\n<\/td>\n<td class=\"simcal-day-25 simcal-weekday-3 simcal-past simcal-day\" data-events-count=\"0\">\n\t<div>\n\t\t<span class=\"simcal-day-label simcal-day-number\">25<\/span>\n\t\t<span class=\"simcal-no-events\"><\/span>\n\t\t<span class=\"simcal-events-dots\" style=\"display: none;\"><\/span>\n\t<\/div>\n<\/td>\n<td class=\"simcal-day-26 simcal-weekday-4 simcal-past simcal-day\" data-events-count=\"0\">\n\t<div>\n\t\t<span class=\"simcal-day-label simcal-day-number\">26<\/span>\n\t\t<span class=\"simcal-no-events\"><\/span>\n\t\t<span class=\"simcal-events-dots\" style=\"display: none;\"><\/span>\n\t<\/div>\n<\/td>\n<td class=\"simcal-day-27 simcal-weekday-5 simcal-past simcal-day\" data-events-count=\"0\">\n\t<div>\n\t\t<span class=\"simcal-day-label simcal-day-number\">27<\/span>\n\t\t<span class=\"simcal-no-events\"><\/span>\n\t\t<span class=\"simcal-events-dots\" style=\"display: none;\"><\/span>\n\t<\/div>\n<\/td>\n<td class=\"simcal-day-28 simcal-weekday-6 simcal-past simcal-day\" data-events-count=\"0\">\n\t<div>\n\t\t<span class=\"simcal-day-label simcal-day-number\">28<\/span>\n\t\t<span class=\"simcal-no-events\"><\/span>\n\t\t<span class=\"simcal-events-dots\" style=\"display: none;\"><\/span>\n\t<\/div>\n<\/td>\n<td class=\"simcal-day-29 simcal-weekday-0 simcal-past simcal-day\" data-events-count=\"0\">\n\t<div>\n\t\t<span class=\"simcal-day-label simcal-day-number\">29<\/span>\n\t\t<span class=\"simcal-no-events\"><\/span>\n\t\t<span class=\"simcal-events-dots\" style=\"display: none;\"><\/span>\n\t<\/div>\n<\/td>\n<\/tr><tr class=\"simcal-week simcal-week-13\">\n<td class=\"simcal-day-30 simcal-weekday-1 simcal-past simcal-day\" data-events-count=\"0\">\n\t<div>\n\t\t<span class=\"simcal-day-label simcal-day-number\">30<\/span>\n\t\t<span class=\"simcal-no-events\"><\/span>\n\t\t<span class=\"simcal-events-dots\" style=\"display: none;\"><\/span>\n\t<\/div>\n<\/td>\n<td class=\"simcal-day-31 simcal-weekday-2 simcal-past simcal-day\" data-events-count=\"0\">\n\t<div>\n\t\t<span class=\"simcal-day-label simcal-day-number\">31<\/span>\n\t\t<span class=\"simcal-no-events\"><\/span>\n\t\t<span class=\"simcal-events-dots\" style=\"display: none;\"><\/span>\n\t<\/div>\n<\/td>\n<td class=\"simcal-day simcal-day-void \"><\/td>\n<td class=\"simcal-day simcal-day-void \"><\/td>\n<td class=\"simcal-day simcal-day-void \"><\/td>\n<td class=\"simcal-day simcal-day-void \"><\/td>\n<td class=\"simcal-day simcal-day-void simcal-day-void-last\"><\/td>\n\t<\/tr>\n<\/tbody>\n\t \t\t\t\n            <\/table>\n\n\t\t\t<\/div>\n\n\n\n<script>\njQuery( \".simcal-current-month\" ).prepend( \"<span>Calendrier du Conseil Syndical pour <\/span>\" );\nvar a = jQuery( \".simcal-align-right\" ).html();\njQuery( \".simcal-align-right\" ).html(\"\");\n\/\/jQuery( \".simcal-current-year\" ).append(a);\n\/\/jQuery( \".post-edit-link\" ).css(\"float\", \"right\");\njQuery( \".content-area\" ).css({'position': 'relative', 'top': '-20px'});\n<\/script>\n\n<\/div>\n\n\n<p><\/p>\n","protected":false},"excerpt":{"rendered":"","protected":false},"author":1,"featured_media":0,"parent":0,"menu_order":0,"comment_status":"closed","ping_status":"closed","template":"","meta":{"_acf_changed":false,"footnotes":""},"class_list":["post-2142","page","type-page","status-publish"],"acf":[],"_links":{"self":[{"href":"https:\/\/4957.fr\/go\/index.php\/wp-json\/wp\/v2\/pages\/2142","targetHints":{"allow":["GET"]}}],"collection":[{"href":"https:\/\/4957.fr\/go\/index.php\/wp-json\/wp\/v2\/pages"}],"about":[{"href":"https:\/\/4957.fr\/go\/index.php\/wp-json\/wp\/v2\/types\/page"}],"author":[{"embeddable":true,"href":"https:\/\/4957.fr\/go\/index.php\/wp-json\/wp\/v2\/users\/1"}],"replies":[{"embeddable":true,"href":"https:\/\/4957.fr\/go\/index.php\/wp-json\/wp\/v2\/comments?post=2142"}],"version-history":[{"count":20,"href":"https:\/\/4957.fr\/go\/index.php\/wp-json\/wp\/v2\/pages\/2142\/revisions"}],"predecessor-version":[{"id":2172,"href":"https:\/\/4957.fr\/go\/index.php\/wp-json\/wp\/v2\/pages\/2142\/revisions\/2172"}],"wp:attachment":[{"href":"https:\/\/4957.fr\/go\/index.php\/wp-json\/wp\/v2\/media?parent=2142"}],"curies":[{"name":"wp","href":"https:\/\/api.w.org\/{rel}","templated":true}]}}