{"id":351,"date":"2023-08-12T15:14:47","date_gmt":"2023-08-12T13:14:47","guid":{"rendered":"https:\/\/4957.fr\/?page_id=351"},"modified":"2025-05-25T16:33:36","modified_gmt":"2025-05-25T14:33:36","slug":"plan-des-caves","status":"publish","type":"page","link":"https:\/\/4957.fr\/go\/index.php\/plan-des-caves\/","title":{"rendered":"Plans de l&rsquo;immeuble"},"content":{"rendered":"<div class=\"gb-container gb-container-8614bf88\">\n\n<p>Malgr\u00e9 de nombreuses demandes nous n&rsquo;avons jamais pu obtenir les plans de construction de l&rsquo;immeuble.<br>Les seuls plans dont nous disposons sont des copies des plans du g\u00e9om\u00e8tre qui a pr\u00e9par\u00e9 les \u00e9l\u00e9ments de l&rsquo;\u00e9tat de division de la copropri\u00e9t\u00e9.<br>Ceux-ci ne sont pas \u00e0 l&rsquo;\u00e9chelle et ne mentionnent aucune cote, ni surface.<\/p>\n\n\n\n<h3 class=\"wp-block-heading\">Les niveaux du 49-57 boulevard d&rsquo;Inkermann \u00e0 Neuilly (hors toit-terrasse)<\/h3>\n\n\n<div class='photonic-wp-stream photonic-stream ' id='photonic-wp-stream-1'>\n\n\t<div id='photonic-wp-stream-1-container' class='title-display-tooltip photonic-level-1-container sizes-present photonic-masonry-layout photonic-thumbnail-effect-none' data-photonic-platform=\"wp\" data-photonic-gallery-columns=\"4\" data-photonic-query=\"order=ASC&amp;orderby=menu_order&amp;id=351&amp;itemtag=figure&amp;icontag=div&amp;captiontag=figcaption&amp;size=thumbnail&amp;include=758,757,756,755,754,753,752,751&amp;exclude=&amp;link=&amp;offset=0&amp;layout=masonry&amp;custom_classes=&amp;alignment=&amp;caption=title&amp;page=1&amp;count=-1&amp;thumb_size=thumbnail&amp;slide_size=large&amp;type=default&amp;style=masonry&amp;display=local&amp;ids=758,757,756,755,754,753,752,751&amp;columns=4&amp;main_size=full&amp;tile_size=full\">\n\t\t<figure class='photonic-level-1 photonic-thumb'>\n\t\t\t<a href='https:\/\/4957.fr\/go\/wp-content\/uploads\/2023\/08\/Robin23032015_ss2-1-scaled.jpg' title='Plan g\u00e9om\u00e8tre deuxi\u00e8me sous-sol' rel='lightbox-photonic-wp-stream-1' class='photonic-lb photonic-lightgallery lightgallery' data-photonic-media-type=\"image\" data-sub-html=\"&lt;a href=&#039;https:\/\/4957.fr\/go\/robin23032015_ss2-2\/&#039; &gt;Plan g\u00e9om\u00e8tre deuxi\u00e8me sous-sol&lt;\/a&gt;\" data-photonic-thumb=\"https:\/\/4957.fr\/go\/wp-content\/uploads\/2023\/08\/Robin23032015_ss2-1-scaled.jpg\" data-photonic-deep=\"gallery[photonic-wp-stream-1]\/751\/\" data-title=\"&lt;a href=&#039;https:\/\/4957.fr\/go\/robin23032015_ss2-2\/&#039; &gt;Plan g\u00e9om\u00e8tre deuxi\u00e8me sous-sol&lt;\/a&gt;\" data-photonic-tooltip=\"Plan g\u00e9om\u00e8tre deuxi\u00e8me sous-sol\">\n\t\t\t\t<img alt='Plan g\u00e9om\u00e8tre pour mise en copropri\u00e9t\u00e9 en 2015 deuxi\u00e8me sous-sol' class='masonry' data-src='https:\/\/4957.fr\/go\/wp-content\/uploads\/2023\/08\/Robin23032015_ss2-1-scaled.jpg' loading='lazy' width='1810' height='2560' \/>\n\t\t\t<\/a>\n\t\t<\/figure>\n\t\t<figure class='photonic-level-1 photonic-thumb'>\n\t\t\t<a href='https:\/\/4957.fr\/go\/wp-content\/uploads\/2023\/08\/Robin23032015_rdc-scaled.jpg' title='Plan g\u00e9om\u00e8tre rez-de-chauss\u00e9e' rel='lightbox-photonic-wp-stream-1' class='photonic-lb photonic-lightgallery lightgallery' data-photonic-media-type=\"image\" data-sub-html=\"&lt;a href=&#039;https:\/\/4957.fr\/go\/robin23032015_rdc\/&#039; &gt;Plan g\u00e9om\u00e8tre rez-de-chauss\u00e9e&lt;\/a&gt;\" data-photonic-thumb=\"https:\/\/4957.fr\/go\/wp-content\/uploads\/2023\/08\/Robin23032015_rdc-scaled.jpg\" data-photonic-deep=\"gallery[photonic-wp-stream-1]\/752\/\" data-title=\"&lt;a href=&#039;https:\/\/4957.fr\/go\/robin23032015_rdc\/&#039; &gt;Plan g\u00e9om\u00e8tre rez-de-chauss\u00e9e&lt;\/a&gt;\" data-photonic-tooltip=\"Plan g\u00e9om\u00e8tre rez-de-chauss\u00e9e\">\n\t\t\t\t<img alt='Plan g\u00e9om\u00e8tre pour mise en copropri\u00e9t\u00e9 en 2015 rez-de-chauss\u00e9e' class='masonry' data-src='https:\/\/4957.fr\/go\/wp-content\/uploads\/2023\/08\/Robin23032015_rdc-scaled.jpg' loading='lazy' width='1810' height='2560' \/>\n\t\t\t<\/a>\n\t\t<\/figure>\n\t\t<figure class='photonic-level-1 photonic-thumb'>\n\t\t\t<a href='https:\/\/4957.fr\/go\/wp-content\/uploads\/2023\/08\/Robin23032015_et1-scaled.jpg' title='Plan g\u00e9om\u00e8tre premier \u00e9tage' rel='lightbox-photonic-wp-stream-1' class='photonic-lb photonic-lightgallery lightgallery' data-photonic-media-type=\"image\" data-sub-html=\"&lt;a href=&#039;https:\/\/4957.fr\/go\/robin23032015_et1\/&#039; &gt;Plan g\u00e9om\u00e8tre premier \u00e9tage&lt;\/a&gt;\" data-photonic-thumb=\"https:\/\/4957.fr\/go\/wp-content\/uploads\/2023\/08\/Robin23032015_et1-scaled.jpg\" data-photonic-deep=\"gallery[photonic-wp-stream-1]\/753\/\" data-title=\"&lt;a href=&#039;https:\/\/4957.fr\/go\/robin23032015_et1\/&#039; &gt;Plan g\u00e9om\u00e8tre premier \u00e9tage&lt;\/a&gt;\" data-photonic-tooltip=\"Plan g\u00e9om\u00e8tre premier \u00e9tage\">\n\t\t\t\t<img alt='Plan g\u00e9om\u00e8tre pour mise en copropri\u00e9t\u00e9 en 2015 premier \u00e9tage' class='masonry' data-src='https:\/\/4957.fr\/go\/wp-content\/uploads\/2023\/08\/Robin23032015_et1-scaled.jpg' loading='lazy' width='1810' height='2560' \/>\n\t\t\t<\/a>\n\t\t<\/figure>\n\t\t<figure class='photonic-level-1 photonic-thumb'>\n\t\t\t<a href='https:\/\/4957.fr\/go\/wp-content\/uploads\/2023\/08\/Robin23032015_et2-scaled.jpg' title='Robin2Plan g\u00e9om\u00e8tre deuxi\u00e8me \u00e9tage3032015_et2' rel='lightbox-photonic-wp-stream-1' class='photonic-lb photonic-lightgallery lightgallery' data-photonic-media-type=\"image\" data-sub-html=\"&lt;a href=&#039;https:\/\/4957.fr\/go\/robin23032015_et2\/&#039; &gt;Robin2Plan g\u00e9om\u00e8tre deuxi\u00e8me \u00e9tage3032015_et2&lt;\/a&gt;\" data-photonic-thumb=\"https:\/\/4957.fr\/go\/wp-content\/uploads\/2023\/08\/Robin23032015_et2-scaled.jpg\" data-photonic-deep=\"gallery[photonic-wp-stream-1]\/754\/\" data-title=\"&lt;a href=&#039;https:\/\/4957.fr\/go\/robin23032015_et2\/&#039; &gt;Robin2Plan g\u00e9om\u00e8tre deuxi\u00e8me \u00e9tage3032015_et2&lt;\/a&gt;\" data-photonic-tooltip=\"Robin2Plan g\u00e9om\u00e8tre deuxi\u00e8me \u00e9tage3032015_et2\">\n\t\t\t\t<img alt='Plan g\u00e9om\u00e8tre pour mise en copropri\u00e9t\u00e9 en 2015 deuxi\u00e8me \u00e9tage' class='masonry' data-src='https:\/\/4957.fr\/go\/wp-content\/uploads\/2023\/08\/Robin23032015_et2-scaled.jpg' loading='lazy' width='1810' height='2560' \/>\n\t\t\t<\/a>\n\t\t<\/figure>\n\t\t<figure class='photonic-level-1 photonic-thumb'>\n\t\t\t<a href='https:\/\/4957.fr\/go\/wp-content\/uploads\/2023\/08\/Robin23032015_et3-scaled.jpg' title='Plan g\u00e9om\u00e8tre troisi\u00e8me \u00e9tage' rel='lightbox-photonic-wp-stream-1' class='photonic-lb photonic-lightgallery lightgallery' data-photonic-media-type=\"image\" data-sub-html=\"&lt;a href=&#039;https:\/\/4957.fr\/go\/robin23032015_et3\/&#039; &gt;Plan g\u00e9om\u00e8tre troisi\u00e8me \u00e9tage&lt;\/a&gt;\" data-photonic-thumb=\"https:\/\/4957.fr\/go\/wp-content\/uploads\/2023\/08\/Robin23032015_et3-scaled.jpg\" data-photonic-deep=\"gallery[photonic-wp-stream-1]\/755\/\" data-title=\"&lt;a href=&#039;https:\/\/4957.fr\/go\/robin23032015_et3\/&#039; &gt;Plan g\u00e9om\u00e8tre troisi\u00e8me \u00e9tage&lt;\/a&gt;\" data-photonic-tooltip=\"Plan g\u00e9om\u00e8tre troisi\u00e8me \u00e9tage\">\n\t\t\t\t<img alt='Plan g\u00e9om\u00e8tre pour mise en copropri\u00e9t\u00e9 en 2015 troisi\u00e8me \u00e9tage' class='masonry' data-src='https:\/\/4957.fr\/go\/wp-content\/uploads\/2023\/08\/Robin23032015_et3-scaled.jpg' loading='lazy' width='1810' height='2560' \/>\n\t\t\t<\/a>\n\t\t<\/figure>\n\t\t<figure class='photonic-level-1 photonic-thumb'>\n\t\t\t<a href='https:\/\/4957.fr\/go\/wp-content\/uploads\/2023\/08\/Robin23032015_et4-scaled.jpg' title='Plan g\u00e9om\u00e8tre quatri\u00e8me \u00e9tage' rel='lightbox-photonic-wp-stream-1' class='photonic-lb photonic-lightgallery lightgallery' data-photonic-media-type=\"image\" data-sub-html=\"&lt;a href=&#039;https:\/\/4957.fr\/go\/robin23032015_et4\/&#039; &gt;Plan g\u00e9om\u00e8tre quatri\u00e8me \u00e9tage&lt;\/a&gt;\" data-photonic-thumb=\"https:\/\/4957.fr\/go\/wp-content\/uploads\/2023\/08\/Robin23032015_et4-scaled.jpg\" data-photonic-deep=\"gallery[photonic-wp-stream-1]\/756\/\" data-title=\"&lt;a href=&#039;https:\/\/4957.fr\/go\/robin23032015_et4\/&#039; &gt;Plan g\u00e9om\u00e8tre quatri\u00e8me \u00e9tage&lt;\/a&gt;\" data-photonic-tooltip=\"Plan g\u00e9om\u00e8tre quatri\u00e8me \u00e9tage\">\n\t\t\t\t<img alt='Plan g\u00e9om\u00e8tre pour mise en copropri\u00e9t\u00e9 en 2015 quatri\u00e8me \u00e9tage' class='masonry' data-src='https:\/\/4957.fr\/go\/wp-content\/uploads\/2023\/08\/Robin23032015_et4-scaled.jpg' loading='lazy' width='1810' height='2560' \/>\n\t\t\t<\/a>\n\t\t<\/figure>\n\t\t<figure class='photonic-level-1 photonic-thumb'>\n\t\t\t<a href='https:\/\/4957.fr\/go\/wp-content\/uploads\/2023\/08\/Robin23032015_et5-scaled.jpg' title='Plan g\u00e9om\u00e8trecinqui\u00e8me \u00e9tage' rel='lightbox-photonic-wp-stream-1' class='photonic-lb photonic-lightgallery lightgallery' data-photonic-media-type=\"image\" data-sub-html=\"&lt;a href=&#039;https:\/\/4957.fr\/go\/robin23032015_et5\/&#039; &gt;Plan g\u00e9om\u00e8trecinqui\u00e8me \u00e9tage&lt;\/a&gt;\" data-photonic-thumb=\"https:\/\/4957.fr\/go\/wp-content\/uploads\/2023\/08\/Robin23032015_et5-scaled.jpg\" data-photonic-deep=\"gallery[photonic-wp-stream-1]\/757\/\" data-title=\"&lt;a href=&#039;https:\/\/4957.fr\/go\/robin23032015_et5\/&#039; &gt;Plan g\u00e9om\u00e8trecinqui\u00e8me \u00e9tage&lt;\/a&gt;\" data-photonic-tooltip=\"Plan g\u00e9om\u00e8trecinqui\u00e8me \u00e9tage\">\n\t\t\t\t<img alt='Plan g\u00e9om\u00e8tre pour mise en copropri\u00e9t\u00e9 en 2015 cinqui\u00e8me \u00e9tage' class='masonry' data-src='https:\/\/4957.fr\/go\/wp-content\/uploads\/2023\/08\/Robin23032015_et5-scaled.jpg' loading='lazy' width='1810' height='2560' \/>\n\t\t\t<\/a>\n\t\t<\/figure>\n\t\t<figure class='photonic-level-1 photonic-thumb'>\n\t\t\t<a href='https:\/\/4957.fr\/go\/wp-content\/uploads\/2023\/08\/Robin23032015_et6-scaled.jpg' title='Plan g\u00e9om\u00e8tre sixi\u00e8me \u00e9tage' rel='lightbox-photonic-wp-stream-1' class='photonic-lb photonic-lightgallery lightgallery' data-photonic-media-type=\"image\" data-sub-html=\"&lt;a href=&#039;https:\/\/4957.fr\/go\/robin23032015_et6\/&#039; &gt;Plan g\u00e9om\u00e8tre sixi\u00e8me \u00e9tage&lt;\/a&gt;\" data-photonic-thumb=\"https:\/\/4957.fr\/go\/wp-content\/uploads\/2023\/08\/Robin23032015_et6-scaled.jpg\" data-photonic-deep=\"gallery[photonic-wp-stream-1]\/758\/\" data-title=\"&lt;a href=&#039;https:\/\/4957.fr\/go\/robin23032015_et6\/&#039; &gt;Plan g\u00e9om\u00e8tre sixi\u00e8me \u00e9tage&lt;\/a&gt;\" data-photonic-tooltip=\"Plan g\u00e9om\u00e8tre sixi\u00e8me \u00e9tage\">\n\t\t\t\t<img alt='Plan g\u00e9om\u00e8tre pour mise en copropri\u00e9t\u00e9 en 2015 sixi\u00e8me \u00e9tage' class='masonry' data-src='https:\/\/4957.fr\/go\/wp-content\/uploads\/2023\/08\/Robin23032015_et6-scaled.jpg' loading='lazy' width='1810' height='2560' \/>\n\t\t\t<\/a>\n\t\t<\/figure>\n\n\t<\/div> <!-- .\/photonic-level-1-container -->\n\t<span id='photonic-wp-stream-1-container-end'><\/span>\n<\/div><!-- .photonic-stream or .photonic-panel -->\n\n\n\n<p>L&rsquo;\u00e9tat de division de la copropri\u00e9t\u00e9 annex\u00e9 au R\u00e8glement de Copropri\u00e9t\u00e9 ne fournit aucun surface.<br>Si nous avons un \u00e9tat de r\u00e9partition des charges pour chaque lot, nous n&rsquo;avons pas le bordereau de calcul qui a permis d&rsquo;\u00e9tablir celle-ci.<\/p>\n\n<\/div>","protected":false},"excerpt":{"rendered":"<p>Malgr\u00e9 de nombreuses demandes nous n&rsquo;avons jamais pu obtenir les plans de construction de l&rsquo;immeuble.Les seuls plans dont nous disposons sont des copies des plans du g\u00e9om\u00e8tre qui a pr\u00e9par\u00e9 &#8230; <\/p>\n<p class=\"read-more-container\"><a title=\"Plans de l&rsquo;immeuble\" class=\"read-more button\" href=\"https:\/\/4957.fr\/go\/index.php\/plan-des-caves\/#more-351\" aria-label=\"En savoir plus sur Plans de l&rsquo;immeuble\">Lire la suite &#8230;<\/a><\/p>\n","protected":false},"author":1,"featured_media":0,"parent":0,"menu_order":0,"comment_status":"closed","ping_status":"closed","template":"","meta":{"_acf_changed":false,"footnotes":""},"class_list":["post-351","page","type-page","status-publish"],"acf":[],"_links":{"self":[{"href":"https:\/\/4957.fr\/go\/index.php\/wp-json\/wp\/v2\/pages\/351","targetHints":{"allow":["GET"]}}],"collection":[{"href":"https:\/\/4957.fr\/go\/index.php\/wp-json\/wp\/v2\/pages"}],"about":[{"href":"https:\/\/4957.fr\/go\/index.php\/wp-json\/wp\/v2\/types\/page"}],"author":[{"embeddable":true,"href":"https:\/\/4957.fr\/go\/index.php\/wp-json\/wp\/v2\/users\/1"}],"replies":[{"embeddable":true,"href":"https:\/\/4957.fr\/go\/index.php\/wp-json\/wp\/v2\/comments?post=351"}],"version-history":[{"count":29,"href":"https:\/\/4957.fr\/go\/index.php\/wp-json\/wp\/v2\/pages\/351\/revisions"}],"predecessor-version":[{"id":2011,"href":"https:\/\/4957.fr\/go\/index.php\/wp-json\/wp\/v2\/pages\/351\/revisions\/2011"}],"wp:attachment":[{"href":"https:\/\/4957.fr\/go\/index.php\/wp-json\/wp\/v2\/media?parent=351"}],"curies":[{"name":"wp","href":"https:\/\/api.w.org\/{rel}","templated":true}]}}